{"id":8,"date":"2014-10-13T13:29:20","date_gmt":"2014-10-13T13:29:20","guid":{"rendered":"http:\/\/abastecemos.com.co\/?page_id=8"},"modified":"2026-02-17T03:21:13","modified_gmt":"2026-02-17T03:21:13","slug":"contactenos","status":"publish","type":"page","link":"https:\/\/abastecemos.com.co\/?page_id=8","title":{"rendered":"Cont\u00e1ctenos"},"content":{"rendered":"\n<div class=\"wp-block-media-text alignfull has-media-on-the-right is-stacked-on-mobile is-vertically-aligned-center is-style-default\" style=\"grid-template-columns:auto 26%\"><div class=\"wp-block-media-text__content\">\n<h2 class=\"wp-block-heading has-text-color\" style=\"color:#000000\"><strong>Direcci\u00f3n:<\/strong> Cra 81 No 15a \u2013 48 Bogot\u00e1 Colombia<\/h2>\n\n\n\n<p>A continuaci\u00f3n d\u00e9jenos su mensaje y en el menor tiempo posible daremos respuesta.<\/p>\n<\/div><figure class=\"wp-block-media-text__media\"><img loading=\"lazy\" decoding=\"async\" width=\"235\" height=\"266\" src=\"http:\/\/abastecemos.com.co\/wp-content\/uploads\/2026\/02\/banner.png\" alt=\"\" class=\"wp-image-135 size-full\" srcset=\"https:\/\/abastecemos.com.co\/wp-content\/uploads\/2026\/02\/banner.png 235w, https:\/\/abastecemos.com.co\/wp-content\/uploads\/2026\/02\/banner-220x249.png 220w, https:\/\/abastecemos.com.co\/wp-content\/uploads\/2026\/02\/banner-187x212.png 187w\" sizes=\"auto, (max-width: 235px) 100vw, 235px\" \/><\/figure><\/div>\n\n\n\n<p><\/p>\n","protected":false},"excerpt":{"rendered":"<p>Direcci\u00f3n: Cra 81 No 15a \u2013 48 Bogot\u00e1 Colombia A continuaci\u00f3n d\u00e9jenos su mensaje y en el menor tiempo posible daremos respuesta.<\/p>\n","protected":false},"author":1,"featured_media":0,"parent":0,"menu_order":0,"comment_status":"open","ping_status":"open","template":"page-full.php","meta":{"_joinchat":[],"footnotes":""},"class_list":["post-8","page","type-page","status-publish","hentry"],"_links":{"self":[{"href":"https:\/\/abastecemos.com.co\/index.php?rest_route=\/wp\/v2\/pages\/8","targetHints":{"allow":["GET"]}}],"collection":[{"href":"https:\/\/abastecemos.com.co\/index.php?rest_route=\/wp\/v2\/pages"}],"about":[{"href":"https:\/\/abastecemos.com.co\/index.php?rest_route=\/wp\/v2\/types\/page"}],"author":[{"embeddable":true,"href":"https:\/\/abastecemos.com.co\/index.php?rest_route=\/wp\/v2\/users\/1"}],"replies":[{"embeddable":true,"href":"https:\/\/abastecemos.com.co\/index.php?rest_route=%2Fwp%2Fv2%2Fcomments&post=8"}],"version-history":[{"count":10,"href":"https:\/\/abastecemos.com.co\/index.php?rest_route=\/wp\/v2\/pages\/8\/revisions"}],"predecessor-version":[{"id":139,"href":"https:\/\/abastecemos.com.co\/index.php?rest_route=\/wp\/v2\/pages\/8\/revisions\/139"}],"wp:attachment":[{"href":"https:\/\/abastecemos.com.co\/index.php?rest_route=%2Fwp%2Fv2%2Fmedia&parent=8"}],"curies":[{"name":"wp","href":"https:\/\/api.w.org\/{rel}","templated":true}]}}