{"id":16,"date":"2014-10-13T14:55:45","date_gmt":"2014-10-13T14:55:45","guid":{"rendered":"http:\/\/abastecemos.com.co\/?page_id=16"},"modified":"2014-10-17T14:38:21","modified_gmt":"2014-10-17T14:38:21","slug":"banos-turcos","status":"publish","type":"page","link":"http:\/\/abastecemos.com.co\/?page_id=16","title":{"rendered":"Jacuzzis"},"content":{"rendered":"<p>Fabricaci\u00f3n , dise\u00f1o, instalaci\u00f3n y reparaci\u00f3n de jacuzzis y tinas de hidromasaje, comun\u00edquese con nosotros y reciba su cotizaci\u00f3n, trabaje con expertos, nosotros Abastecemos!.<!--more--><\/p>\n\n\t\t<style type=\"text\/css\">\n\t\t\t#gallery-1 {\n\t\t\t\tmargin: auto;\n\t\t\t}\n\t\t\t#gallery-1 .gallery-item {\n\t\t\t\tfloat: left;\n\t\t\t\tmargin-top: 10px;\n\t\t\t\ttext-align: center;\n\t\t\t\twidth: 33%;\n\t\t\t}\n\t\t\t#gallery-1 img {\n\t\t\t\tborder: 2px solid #cfcfcf;\n\t\t\t}\n\t\t\t#gallery-1 .gallery-caption {\n\t\t\t\tmargin-left: 0;\n\t\t\t}\n\t\t\t\/* see gallery_shortcode() in wp-includes\/media.php *\/\n\t\t<\/style>\n\t\t<div id='gallery-1' class='gallery galleryid-16 gallery-columns-3 gallery-size-thumbnail'><dl class='gallery-item'>\n\t\t\t<dt class='gallery-icon landscape'>\n\t\t\t\t<a href='http:\/\/abastecemos.com.co\/?attachment_id=36'><img loading=\"lazy\" decoding=\"async\" width=\"150\" height=\"150\" src=\"http:\/\/abastecemos.com.co\/wp-content\/uploads\/2014\/10\/jacuzzi-slider-150x150.png\" class=\"attachment-thumbnail size-thumbnail\" alt=\"\" srcset=\"http:\/\/abastecemos.com.co\/wp-content\/uploads\/2014\/10\/jacuzzi-slider-150x150.png 150w, http:\/\/abastecemos.com.co\/wp-content\/uploads\/2014\/10\/jacuzzi-slider-75x75.png 75w, http:\/\/abastecemos.com.co\/wp-content\/uploads\/2014\/10\/jacuzzi-slider-184x184.png 184w\" sizes=\"auto, (max-width: 150px) 100vw, 150px\" \/><\/a>\n\t\t\t<\/dt><\/dl><dl class='gallery-item'>\n\t\t\t<dt class='gallery-icon landscape'>\n\t\t\t\t<a href='http:\/\/abastecemos.com.co\/?attachment_id=101'><img loading=\"lazy\" decoding=\"async\" width=\"150\" height=\"150\" src=\"http:\/\/abastecemos.com.co\/wp-content\/uploads\/2014\/10\/jacuzzi1-150x150.png\" class=\"attachment-thumbnail size-thumbnail\" alt=\"\" srcset=\"http:\/\/abastecemos.com.co\/wp-content\/uploads\/2014\/10\/jacuzzi1-150x150.png 150w, http:\/\/abastecemos.com.co\/wp-content\/uploads\/2014\/10\/jacuzzi1-75x75.png 75w, http:\/\/abastecemos.com.co\/wp-content\/uploads\/2014\/10\/jacuzzi1-184x184.png 184w\" sizes=\"auto, (max-width: 150px) 100vw, 150px\" \/><\/a>\n\t\t\t<\/dt><\/dl><dl class='gallery-item'>\n\t\t\t<dt class='gallery-icon landscape'>\n\t\t\t\t<a href='http:\/\/abastecemos.com.co\/?attachment_id=113'><img loading=\"lazy\" decoding=\"async\" width=\"150\" height=\"150\" src=\"http:\/\/abastecemos.com.co\/wp-content\/uploads\/2014\/10\/jacuzzi-madera-150x150.jpg\" class=\"attachment-thumbnail size-thumbnail\" alt=\"\" srcset=\"http:\/\/abastecemos.com.co\/wp-content\/uploads\/2014\/10\/jacuzzi-madera-150x150.jpg 150w, http:\/\/abastecemos.com.co\/wp-content\/uploads\/2014\/10\/jacuzzi-madera-75x75.jpg 75w, http:\/\/abastecemos.com.co\/wp-content\/uploads\/2014\/10\/jacuzzi-madera-184x184.jpg 184w\" sizes=\"auto, (max-width: 150px) 100vw, 150px\" \/><\/a>\n\t\t\t<\/dt><\/dl><br style=\"clear: both\" \/>\n\t\t<\/div>\n\n<p style=\"text-align: center;\"><span style=\"color: #ff6600;\"><strong>\u00a0Ll\u00e1menos para abastecerle la mejor soluci\u00f3n de Jacuzzi.<\/strong><\/span><\/p>\n<h2 style=\"text-align: left;\">Jacuzzi<\/h2>\n<p><span id=\"result_box\" class=\"\" lang=\"es\"><span class=\"hps\">Un\u00a0 Jacuzzi <\/span><span class=\"hps\">es<\/span> <span class=\"hps\">una ba\u00f1era grande<\/span> <span class=\"hps\">o peque\u00f1a<\/span><span class=\"hps\"> llena de<\/span> <span class=\"hps\">agua caliente<\/span> <span class=\"hps\">y se utiliza<\/span> <span class=\"hps\">para la hidroterapia<\/span> <span class=\"hps\">o<\/span> <span class=\"hps\">placer.<\/span> <span class=\"hps\">Algunos tienen<\/span> <span class=\"hps\">estas ba\u00f1eras<\/span> <span class=\"hps\">para<\/span> <span class=\"hps\">fines<\/span> <span class=\"hps\">de masajes<\/span>. <span class=\"hps\">Las tinas calientes<\/span> <span class=\"hps\">son a veces<\/span> <span class=\"hps\">tambi\u00e9n<\/span> <span class=\"hps\">conocidos como<\/span> <span class=\"hps\">spas<\/span> <span class=\"hps\">o<\/span> <span class=\"hps\">por el nombre comercial<\/span> <span class=\"hps\">Jacuzzi<\/span>.<\/span><\/p>\n<p><span class=\"hps\">En contraste con<\/span> <span class=\"hps\">una ba\u00f1era<\/span> <span class=\"hps\">t\u00edpica<\/span>, <span class=\"hps\">una ba\u00f1era de hidromasaje<\/span> <span class=\"hps\">est\u00e1 dise\u00f1ado para ser<\/span> <span class=\"hps\">utilizado por<\/span> <span class=\"hps\">m\u00e1s de una<\/span> <span class=\"hps\">persona a la vez<\/span> <span class=\"hps\">y por lo general<\/span> <span class=\"hps\">se encuentra<\/span> <span class=\"hps\">al aire libre.<\/span> <span class=\"hps\">Adem\u00e1s, el agua<\/span> <span class=\"hps\">no se cambia<\/span> <span class=\"hps\">con cada uso<\/span>, pero <span class=\"hps\">se mantiene<\/span> <span class=\"hps\">sanitaria<\/span> <span class=\"hps\">utilizando m\u00e9todos similares<\/span> <span class=\"hps\">a los utilizados para<\/span> <span class=\"hps\">el saneamiento<\/span> <span class=\"hps\">de la piscina.<\/span><\/p>\n<p><strong><span class=\"hps\">Historia<\/span> <\/strong><\/p>\n<p><span class=\"hps\">Los primeros<\/span> <span class=\"hps\">ba\u00f1eras calientes eran<\/span> <span class=\"hps\">calderas<\/span> <span class=\"hps\">en las que se<\/span> <span class=\"hps\">colocan<\/span> <span class=\"hps\">las piedras calientes<\/span> <span class=\"hps\">para calentar el agua<\/span>.<\/p>\n<p><span class=\"hps\">Therma<\/span> <span class=\"hps\">en<\/span> <span class=\"hps\">Ikaria<\/span> <span class=\"hps\">ha<\/span> <span class=\"hps\">sido un lugar<\/span> <span class=\"hps\">muy popular<\/span> <span class=\"hps\">sobre todo<\/span> <span class=\"hps\">para la hidroterapia<\/span> <span class=\"hps\">desde el siglo<\/span> <span class=\"hps\">cuarto<\/span> <span class=\"hps\">antes de Cristo.<\/span>\u00a0 <span class=\"hps\">Los restos de<\/span> <span class=\"hps\">ba\u00f1eras de m\u00e1rmol<\/span> <span class=\"hps\">destrozados<\/span> <span class=\"hps\">junto con<\/span> <span class=\"hps\">un<\/span> <span class=\"hps\">acueducto<\/span> <span class=\"hps\">pre<\/span><span class=\"atn\">&#8211;<\/span>hist\u00f3rico <span class=\"hps\">que han sido<\/span> <span class=\"hps\">desenterrados de<\/span> <span class=\"hps\">esta \u00e1rea<\/span> <span class=\"hps\">soportan<\/span> <span class=\"hps\">un amplio testimonio<\/span> <span class=\"hps\">de la popularidad del<\/span> <span class=\"hps\">lugar en<\/span> <span class=\"hps\">los<\/span> <span class=\"hps\">tiempos antiguos<\/span>.<\/p>\n<p><span class=\"hps\">En<\/span> <span class=\"hps\">737<\/span> <span class=\"hps\">AD<\/span>, <span class=\"hps\">primera<\/span> <span class=\"hps\">onsen<\/span> <span class=\"hps\">de Jap\u00f3n<\/span> <span class=\"hps\">se abri\u00f3 cerca de<\/span> <span class=\"hps\">Izumo<\/span>, <span class=\"hps\">Shimane<\/span> <span class=\"hps\">y<\/span> <span class=\"hps\">siglos<\/span> <span class=\"hps\">m\u00e1s tarde el primer<\/span> <span class=\"hps\">ryokan<\/span> <span class=\"hps atn\">(<\/span>posadas) <span class=\"hps\">fueron construidos,<\/span> <span class=\"hps\">ofreciendo<\/span> <span class=\"hps\">comida<\/span>, alojamiento, <span class=\"hps\">y<\/span> <span class=\"hps\">ba\u00f1eras<\/span> <span class=\"hps\">llamados<\/span> <span class=\"hps\">ofuro<\/span>.<\/p>\n<p><span class=\"hps\">En la antigua Roma<\/span> <span class=\"hps\">hab\u00eda tres<\/span> <span class=\"hps\">tipos de ba\u00f1os<\/span>: <span class=\"hps\">ba\u00f1os<\/span> <span class=\"hps\">en el hogar<\/span> <span class=\"hps atn\">(<\/span>Balnea), ba\u00f1os <span class=\"hps atn\">privados (<\/span>privata <span class=\"hps\">balnea<\/span>), y <span class=\"hps\">ba\u00f1os<\/span> <span class=\"hps atn\">p\u00fablicos (<\/span>Publica <span class=\"hps\">balnea<\/span>). <span class=\"hps\">La<\/span> <span class=\"hps\">pr\u00e1ctica del ba\u00f1o<\/span> <span class=\"hps\">estaba tan<\/span> <span class=\"hps\">arraigada<\/span> <span class=\"hps\">que las<\/span> <span class=\"hps\">legiones<\/span> <span class=\"hps\">romanas<\/span>, <span class=\"hps\">durante sus largas<\/span> <span class=\"hps\">ocupaciones<\/span> <span class=\"hps\">en tierras extranjeras<\/span>, <span class=\"hps\">construyeron sus<\/span> <span class=\"hps\">propios ba\u00f1os<\/span> <span class=\"hps\">en<\/span> <span class=\"hps\">minerales y<\/span> <span class=\"hps\">aguas termales<\/span> <span class=\"hps\">en las tierras<\/span> <span class=\"hps\">reci\u00e9n conquistadas<\/span>. <span class=\"hps\">Ejemplos<\/span> <span class=\"hps\">se encuentran<\/span> <span class=\"hps\">en toda Europa<\/span>.<\/p>\n<p><span class=\"hps\">Despu\u00e9s de la ca\u00edda<\/span> <span class=\"hps\">del Imperio Romano<\/span> <span class=\"hps\">en el a\u00f1o 476<\/span> <span class=\"hps\">y<\/span> <span class=\"hps\">el<\/span> <span class=\"hps\">surgimiento del cristianismo<\/span>, la limpieza en jacuzzis <span class=\"hps\">fue abandonada<\/span> <span class=\"hps\">ya que la Iglesia<\/span> <span class=\"hps\">considera<\/span> <span class=\"hps\">que la pr\u00e1ctica de<\/span> <span class=\"hps\">ba\u00f1ar a un<\/span> <span class=\"hps\">preludio era<\/span><span class=\"hps\"> conducta<\/span> <span class=\"hps\">prohibida.<\/span> <span class=\"hps\">Sin embargo para los <\/span> <span class=\"hps\">monjes<\/span> era requerimiento <span class=\"hps\">tomar<\/span> <span class=\"hps\">un ba\u00f1o completo<\/span> <span class=\"hps\">en Navidad y<\/span> <span class=\"hps\">Pascua<\/span>\u00a0 en habitaciones <span class=\"hps\">privadas<\/span>, ba\u00f1os de <span class=\"hps\">habitaciones en<\/span> <span class=\"hps\">castillos<\/span>, como <span class=\"hps\">el de<\/span> <span class=\"hps\">Leeds<\/span>, a menudo <span class=\"hps\">pod\u00edan acomodar<\/span> <span class=\"hps\">m\u00faltiples<\/span> <span class=\"hps\">ba\u00f1istas<\/span>. <span class=\"hps\">Desde<\/span> <span class=\"hps\">el siglo 13<\/span> <span class=\"hps\">en adelante<\/span>, los <span class=\"hps\">ba\u00f1os<\/span> <span class=\"hps\">llegaron<\/span> <span class=\"hps\">poco a poco a <\/span><span class=\"hps\">la reutilizaci\u00f3n,<\/span> <span class=\"hps\">especialmente en<\/span> <span class=\"hps\">el sur de Europa<\/span> <span class=\"hps\">bajo la influencia de<\/span> <span class=\"hps\">la<\/span> <span class=\"hps\">moros<\/span>.<\/p>\n<p><span class=\"hps\">En<\/span> <span class=\"hps\">la d\u00e9cada de 1940<\/span> <span class=\"hps\">jacuzzis<\/span> <span class=\"hps\">comenzaron a aparecer en<\/span> <span class=\"hps\">EE.UU.<\/span>, <span class=\"hps\">inspirada por el<\/span> <span class=\"hps\">ofuro<\/span> <span class=\"hps\">japon\u00e9s.<\/span> <span class=\"hps\">Bombas<\/span> <span class=\"hps\">de hidroterapia<\/span> <span class=\"hps\">se introdujeron<\/span> <span class=\"hps\">por<\/span> <span class=\"hps\">Jacuzzi<\/span>. <span class=\"hps\">Fibra de vidrio<\/span> <span class=\"hps\">shell<\/span> <span class=\"hps\">jacuzzis<\/span> <span class=\"hps\">aparecieron alrededor de<\/span> <span class=\"hps\">1970 y<\/span> <span class=\"hps\">pronto<\/span> <span class=\"hps\">fueron reemplazados<\/span> <span class=\"hps\">por proyectiles<\/span> <span class=\"hps\">elenco<\/span> <span class=\"hps\">de acr\u00edlico.<\/span><\/p>\n<p><span id=\"result_box\" class=\"\" lang=\"es\"><strong><span class=\"hps\">Tratamiento del agua<\/span> y <span class=\"hps\">Plomer\u00eda<\/span> <\/strong><\/span><\/p>\n<p><span class=\"hps\">La instalaci\u00f3n de ca\u00f1er\u00edas<\/span> <span class=\"hps\">de<\/span> <span class=\"hps\">la ba\u00f1era de hidromasaje<\/span> <span class=\"hps\">consta de<\/span>:<\/p>\n<p><span class=\"hps\">Un<\/span> <span class=\"hps\">sistema de presi\u00f3n de<\/span> <span class=\"hps\">suministro de agua<\/span> <span class=\"hps\">a los chorros<\/span><br \/>\n<span class=\"hps\">Un<\/span> <span class=\"hps\">sistema de aspiraci\u00f3n<\/span> <span class=\"hps\">de regresar<\/span> <span class=\"hps\">el agua a las<\/span> <span class=\"hps\">bombas.<\/span><br \/>\n<span class=\"hps\">Un sistema de filtraci\u00f3n<\/span>: <span class=\"hps\">la fontaner\u00eda<\/span> <span class=\"hps\">tiene que incorporar<\/span> <span class=\"hps\">un sistema de filtro<\/span> <span class=\"hps\">para ayudar a limpiar<\/span> <span class=\"hps\">el agua.<\/span> <span class=\"hps\">Algunos modelos utilizan<\/span> <span class=\"hps\">una peque\u00f1a<\/span> <span class=\"hps\">bomba de<\/span> <span class=\"hps\">24\/7<\/span> <span class=\"hps\">filtro separado<\/span> <span class=\"hps\">mientras que otros utilizan<\/span> <span class=\"hps\">ajustes<\/span> <span class=\"hps\">programados<\/span> <span class=\"hps\">de<\/span> <span class=\"hps\">las bombas principales<\/span>.<br \/>\n<span class=\"hps\">Aire inducido<\/span>: <span class=\"hps\">Los chorros<\/span> <span class=\"hps\">puede<\/span> <span class=\"hps\">utilizar un efecto<\/span> <span class=\"hps\">venturi<\/span> <span class=\"hps\">para incorporar<\/span> <span class=\"hps\">aire en la corriente<\/span> <span class=\"hps\">de agua para un<\/span> <span class=\"hps\">efecto de masaje<\/span> <span class=\"hps\">m\u00e1s ligero<\/span>; <span class=\"hps\">esto requiere<\/span> <span class=\"hps\">otro conjunto de<\/span> <span class=\"hps\">mangueras<\/span>.<br \/>\n<span class=\"hps\">Algunos modelos utilizan<\/span> <span class=\"hps\">un soplador de aire<\/span> <span class=\"hps\">para forzar el aire<\/span> <span class=\"hps\">a trav\u00e9s de un<\/span> <span class=\"hps\">conjunto separado<\/span> <span class=\"hps\">de chorros<\/span> <span class=\"hps\">para un efecto de<\/span> <span class=\"hps\">masaje<\/span> <span class=\"hps\">diferente<\/span> <span class=\"hps atn\">\u00ab<\/span>burbujeante\u00bb; <span class=\"hps\">este es un sistema<\/span> <span class=\"hps\">separado del<\/span> <span class=\"hps\">aire inducido<\/span>.<br \/>\n<span class=\"hps\">Un<\/span> <span class=\"hps\">sistema de ozono<\/span>: <span class=\"hps\">la ozonizaci\u00f3n<\/span> <span class=\"hps\">es<\/span> <span class=\"hps\">un complemento<\/span> <span class=\"hps\">com\u00fan<\/span> <span class=\"hps\">para<\/span> <span class=\"hps\">el mantenimiento del agua<\/span>, <span class=\"hps\">y<\/span> <span class=\"hps\">si est\u00e1 instalada<\/span> <span class=\"hps\">tendr\u00e1 su<\/span> <span class=\"hps\">propio conjunto de<\/span> <span class=\"hps\">mangueras y accesorios<\/span>.<\/p>\n<p><strong><span class=\"hps\">Calefacci\u00f3n<\/span> <span class=\"hps\">y<\/span> <span class=\"hps\">el uso de energ\u00eda<\/span> <\/strong><\/p>\n<p><span class=\"hps\">Las tinas calientes<\/span> <span class=\"hps\">se calientan<\/span> <span class=\"hps\">por lo general<\/span> <span class=\"hps\">usando<\/span> <span class=\"hps\">un calentador de<\/span> <span class=\"hps\">gas<\/span> <span class=\"hps\">o<\/span> <span class=\"hps\">el\u00e9ctrico<\/span> <span class=\"hps\">natural,<\/span> <span class=\"hps\">aunque tambi\u00e9n hay con\u00a0<\/span> <span class=\"hps\">fuego de le\u00f1a<\/span> <span class=\"hps\">y ba\u00f1eras<\/span> <span class=\"hps\">de hidromasaje<\/span> con <span class=\"hps\">calentadores<\/span> <span class=\"hps\">sumergibles<\/span>, as\u00ed como <span class=\"hps\">los sistemas<\/span> <span class=\"hps\">solares de agua caliente<\/span>. <span class=\"hps\">Las tinas calientes<\/span> <span class=\"hps\">tambi\u00e9n se encuentran<\/span> <span class=\"hps\">en<\/span> <span class=\"hps\">las aguas termales<\/span>; <span class=\"hps\">en este caso,<\/span> <span class=\"hps\">el agua puede ser<\/span> <span class=\"hps\">peligrosa caliente<\/span> <span class=\"hps\">y debe ser<\/span> <span class=\"hps\">combinada<\/span> <span class=\"hps\">con agua fr\u00eda<\/span> <span class=\"hps\">para una temperatura<\/span> <span class=\"hps\">de remojo<\/span> <span class=\"hps\">segura.<\/span><\/p>\n<p><span class=\"hps\">Aislamiento<\/span> <span class=\"hps\">efectivo<\/span> <span class=\"hps\">mejora en gran medida<\/span> <span class=\"hps\">la eficiencia energ\u00e9tica de<\/span> <span class=\"hps\">una ba\u00f1era de hidromasaje<\/span>. <span class=\"hps\">Hay varios estilos<\/span> <span class=\"hps\">diferentes de<\/span> <span class=\"hps\">aislamiento<\/span> <span class=\"hps\">jacuzzi<\/span>: <span class=\"hps\">algunos fabricantes<\/span> <span class=\"hps\">llenan<\/span> <span class=\"hps\">todo el gabinete<\/span> <span class=\"hps\">con espuma<\/span>, <span class=\"hps\">mientras que otros<\/span> <span class=\"hps\">a\u00edslan<\/span> <span class=\"hps\">la parte inferior<\/span> <span class=\"hps\">de la cubierta<\/span>, el interior <span class=\"hps\">de la cabina<\/span>, <span class=\"hps\">o ambos<\/span>. <span class=\"hps\">No es sorprendente que<\/span> <span class=\"hps\">muchos fabricantes<\/span> <span class=\"hps\">anuncian<\/span> <span class=\"hps\">la superioridad de<\/span> <span class=\"hps\">su enfoque de<\/span> <span class=\"hps\">aislamiento<\/span>, <span class=\"hps\">pero<\/span> <span class=\"hps\">pocas comparaciones<\/span> <span class=\"hps\">independientes<\/span> <span class=\"hps\">de lado a<\/span> <span class=\"hps\">lado<\/span> <span class=\"hps\">est\u00e1n disponibles<\/span>. <span class=\"hps\">La bomba de<\/span> <span class=\"hps\">la ba\u00f1era de hidromasaje<\/span> <span class=\"hps\">y calentador de<\/span> <span class=\"hps\">ba\u00f1era de hidromasaje<\/span> <span class=\"hps\">representan<\/span> <span class=\"hps\">la mayor parte del<\/span> <span class=\"hps\">consumo de energ\u00eda<\/span> <span class=\"hps\">en un jacuzzi<\/span> <span class=\"hps\">y var\u00edan en<\/span> <span class=\"hps\">el uso<\/span> <span class=\"hps\">de la energ\u00eda<\/span> <span class=\"hps\">en funci\u00f3n de su<\/span> <span class=\"hps\">tama\u00f1o.<\/span><\/p>\n<p>Tags: Fabrica de Jacuzzis en Bogota<\/p>\n","protected":false},"excerpt":{"rendered":"<p>Fabricaci\u00f3n , dise\u00f1o, instalaci\u00f3n y reparaci\u00f3n de jacuzzis y tinas de hidromasaje, comun\u00edquese con nosotros y reciba su cotizaci\u00f3n, trabaje con expertos, nosotros Abastecemos!.<\/p>\n","protected":false},"author":1,"featured_media":40,"parent":0,"menu_order":0,"comment_status":"open","ping_status":"open","template":"","meta":{"_joinchat":[],"footnotes":""},"class_list":["post-16","page","type-page","status-publish","has-post-thumbnail","hentry"],"_links":{"self":[{"href":"http:\/\/abastecemos.com.co\/index.php?rest_route=\/wp\/v2\/pages\/16","targetHints":{"allow":["GET"]}}],"collection":[{"href":"http:\/\/abastecemos.com.co\/index.php?rest_route=\/wp\/v2\/pages"}],"about":[{"href":"http:\/\/abastecemos.com.co\/index.php?rest_route=\/wp\/v2\/types\/page"}],"author":[{"embeddable":true,"href":"http:\/\/abastecemos.com.co\/index.php?rest_route=\/wp\/v2\/users\/1"}],"replies":[{"embeddable":true,"href":"http:\/\/abastecemos.com.co\/index.php?rest_route=%2Fwp%2Fv2%2Fcomments&post=16"}],"version-history":[{"count":9,"href":"http:\/\/abastecemos.com.co\/index.php?rest_route=\/wp\/v2\/pages\/16\/revisions"}],"predecessor-version":[{"id":123,"href":"http:\/\/abastecemos.com.co\/index.php?rest_route=\/wp\/v2\/pages\/16\/revisions\/123"}],"wp:featuredmedia":[{"embeddable":true,"href":"http:\/\/abastecemos.com.co\/index.php?rest_route=\/wp\/v2\/media\/40"}],"wp:attachment":[{"href":"http:\/\/abastecemos.com.co\/index.php?rest_route=%2Fwp%2Fv2%2Fmedia&parent=16"}],"curies":[{"name":"wp","href":"https:\/\/api.w.org\/{rel}","templated":true}]}}